{"id":91,"date":"2018-11-12T11:40:07","date_gmt":"2018-11-12T11:40:07","guid":{"rendered":"https:\/\/labs.100x100.net\/projects\/oasis\/kitchen\/?page_id=91"},"modified":"2022-06-23T10:08:34","modified_gmt":"2022-06-23T10:08:34","slug":"aviso-legal","status":"publish","type":"page","link":"https:\/\/oassisnaturalcooking.com\/es\/aviso-legal\/","title":{"rendered":"Aviso legal"},"content":{"rendered":"<h2>IDENTIDAD DEL TITULAR DEL WEB<\/h2>\n<p>La identidad y dem\u00e1s informaci\u00f3n acerca de la compa\u00f1\u00eda titular del Web se establece en el apartado \u201cDatos informativos\u201d accesible en la HomePage del presente Web. En adelante se har\u00e1 referencia a AN Grup. para designar a la compa\u00f1\u00eda titular del Web.<\/p>\n<p>ANGR OASSIS, S.L, sociedad espa\u00f1ola, con domicilio social en Barcelona, Avda. Diagonal, n\u00ba 405 bis, inscrita en el Registro Mercantil de Barcelona, al tomo 34442, folio 61, hoja n\u00ba 2468000, inscripci\u00f3n 1\u00aa, y provista de C.I.F. n\u00ba B-62.840.673 AN Grup. es propietaria del siguiente dominio: https:\/\/www.oassisrestaurant.com<\/p>\n<h2>ACEPTACI\u00d3N DE LAS CONDICIONES DE USO<\/h2>\n<p>Las presentes Condiciones (en adelante denominado como Aviso Legal) tienen por objeto regular el uso de este Web que An Grup pone a disposici\u00f3n del p\u00fablico en la presente URL.<\/p>\n<p>La utilizaci\u00f3n del web por un tercero le atribuye la condici\u00f3n de Usuario y, supone la aceptaci\u00f3n plena por dicho Usuario, de todas y cada una de las condiciones que se incorporan en el presente Aviso Legal.<\/p>\n<p>AN Grup puede ofrecer a trav\u00e9s del Web, servicios o productos que podr\u00e1n encontrarse sometidas a unas condiciones particulares propias que, seg\u00fan los casos, sustituyen, completan y\/o modifican las presentes Condiciones, y sobre las cuales se informar\u00e1 al Usuario en cada caso concreto.<\/p>\n<p>El presente sitio Web ha sido dise\u00f1ado para dar a conocer y permitir el acceso general de todos los Usuarios a la informaci\u00f3n, actividades, productos y servicios diversos ofertados por AN Grup. Todas estas informaciones, actividades, productos y servicios diversos se nombrar\u00e1n de manera conjunta dentro de este documento como \u201cContenidos\u201d.<\/p>\n<h2>USO CORRECTO DEL SITIO WEB<\/h2>\n<p>El Usuario se compromete a utilizar el Web, los contenidos y servicios de conformidad con la Ley, el presente Aviso Legal, las buenas costumbres y el orden p\u00fablico. Del mismo modo, el Usuario se obliga a no utilizar el Web o los servicios que se presten a trav\u00e9s de \u00e9l con fines o efectos il\u00edcitos o contrarios al contenido del presente Aviso Legal, lesivos de los intereses o derechos de terceros, o que de cualquier forma pueda da\u00f1ar, inutilizar o deteriorar el Web o sus servicios, o impedir un normal disfrute del Web por otros Usuarios.<\/p>\n<p>Asimismo, el Usuario se compromete expresamente a no destruir, alterar, inutilizar o, de cualquier otra forma, da\u00f1ar los datos, programas o documentos electr\u00f3nicos y dem\u00e1s que se encuentren en la Web de AN Grup.<\/p>\n<p>El Usuario se compromete a no obstaculizar el acceso de otros usuarios al servicio de acceso mediante el consumo masivo de los recursos inform\u00e1ticos a trav\u00e9s de los cuales AN Grup presta el servicio, as\u00ed como realizar acciones que da\u00f1en, interrumpan o generen errores en dichos sistemas.<\/p>\n<p>El Usuario se compromete a no introducir programas, virus, macros, applets, controles ActiveX o cualquier otro dispositivo l\u00f3gico o secuencia de caracteres que causen o sean susceptibles de causar cualquier tipo de alteraci\u00f3n en los sistemas inform\u00e1ticos de AN Grup o de terceros.<\/p>\n<p>AN Grup no se hace responsable de los comentarios y opiniones vertidas en el sitio Web. El Usuario es consciente y acepta voluntaria y expresamente que el uso del sitio Web se realiza en todo caso bajo su \u00fanica y exclusiva responsabilidad.<\/p>\n<p>En la utilizaci\u00f3n del sitio Web, el Usuario se compromete a no llevar a cabo ninguna conducta que pudiera da\u00f1ar la imagen, los intereses y los derechos de AN Grup o de terceros o que pudiera da\u00f1ar, inutilizar o sobrecargar el sitio Web o que impidiera, de cualquier forma, la normal utilizaci\u00f3n del sitio Web.<\/p>\n<p>AN Grup se reserva el derecho a realizar cualquier acci\u00f3n u operaci\u00f3n de moderaci\u00f3n, incluyendo la edici\u00f3n o supresi\u00f3n de mensajes que considere inapropiados. Se advierte que las operaciones de moderaci\u00f3n se realizar\u00e1n de forma peri\u00f3dica y con car\u00e1cter previo a su publicaci\u00f3n efectiva.<\/p>\n<p>AN Grup se reserva el derecho a poner a disposici\u00f3n judicial las direcciones IP de los Usuarios, a los efectos anteriormente se\u00f1alados, si as\u00ed se requiriera.<\/p>\n<h2>PUBLICIDAD<\/h2>\n<p>Parte del sitio Web puede albergar contenidos publicitarios o estar patrocinado. Los anunciantes y patrocinadores son los \u00fanicos responsables de asegurarse que el material remitido para su inclusi\u00f3n en el Sitio web cumple con las leyes que en cada caso puedan ser de aplicaci\u00f3n. AN Grup. no ser\u00e1 responsable de cualquier error, inexactitud o irregularidad que puedan contener los contenidos publicitarios o de los patrocinadores.<\/p>\n<p>En todo caso, para interponer cualquier reclamaci\u00f3n relacionada con los Contenidos publicitarios insertados en este Sitio web pueden dirigirse a la siguiente direcci\u00f3n de correo electr\u00f3nico: ang @angrup.com<\/p>\n<h2>PROPIEDAD INTELECTUAL E INDUSTRIAL<\/h2>\n<p>Todos los contenidos del Web, salvo que se indique lo contrario, son titularidad exclusiva de AN Grup. y, con car\u00e1cter enunciativo, que no limitativo, el dise\u00f1o gr\u00e1fico, c\u00f3digo fuente, logos, textos, gr\u00e1ficos, ilustraciones, fotograf\u00edas, y dem\u00e1s elementos que aparecen en la Web.<\/p>\n<p>Igualmente, todos los nombres comerciales, marcas o signos distintivos de cualquier clase contenidos en el Web est\u00e1n protegidos por la Ley.<\/p>\n<p>AN Grup. no concede ning\u00fan tipo de licencia o autorizaci\u00f3n de uso personal al Usuario sobre sus derechos de propiedad intelectual e industrial o sobre cualquier otro derecho relacionado con su Web y los servicios ofrecidos en la misma.<\/p>\n<p>Por ello, el Usuario reconoce que la reproducci\u00f3n, distribuci\u00f3n, comercializaci\u00f3n, transformaci\u00f3n, y en general, cualquier otra forma de explotaci\u00f3n, por cualquier procedimiento, de todo o parte de los contenidos de este Web constituye una infracci\u00f3n de los derechos de propiedad intelectual y\/o industrial de AN Grup. o del titular de los mismos.<\/p>\n<h2>R\u00c9GIMEN DE RESPONSABILIDAD<\/h2>\n<p><strong>1. Responsabilidad por el Uso del Web<\/strong><\/p>\n<p>El Usuario es el \u00fanico responsable de las infracciones en las que pueda incurrir o de los perjuicios que pueda causar por la utilizaci\u00f3n del Web, quedando AN Grup sus socios, empresas del grupo, colaboradores, empleados y representantes, exonerados de cualquier clase de responsabilidad que se pudiera derivar por las acciones del Usuario.<\/p>\n<p>AN Grup. emplear\u00e1 todos los esfuerzos y medios razonables para facilitar informaci\u00f3n actualizada y fehaciente en el Web, no obstante, AN Grup no asume ninguna garant\u00eda en relaci\u00f3n con la ausencia de errores, o de posibles inexactitudes y\/u omisiones en ninguno de los contenidos accesibles a trav\u00e9s de este Web.<\/p>\n<p>El Usuario es el \u00fanico responsable frente a cualquier reclamaci\u00f3n o acci\u00f3n legal, judicial o extrajudicial, iniciada por terceras personas contra AN Grup. basada en la utilizaci\u00f3n por el Usuario del Web. En su caso, el Usuario asumir\u00e1 cuantos gastos, costes e indemnizaciones sean irrogados a AN Grup. con motivo de tales reclamaciones o acciones legales.<\/p>\n<p><strong>2. Responsabilidad por el funcionamiento del Web\u00a0<\/strong><\/p>\n<p>AN Grup. excluye toda responsabilidad que se pudiera derivar de interferencias, omisiones, interrupciones, virus inform\u00e1ticos, aver\u00edas telef\u00f3nicas o desconexiones en el funcionamiento operativo del sistema electr\u00f3nico, motivado por causas ajenas a AN Grup..<\/p>\n<p>Asimismo, AN Grup tambi\u00e9n excluye cualquier responsabilidad que pudiera derivarse por retrasos o bloqueos en el funcionamiento operativo de este sistema electr\u00f3nico causado por deficiencias o sobre carga en las l\u00edneas telef\u00f3nicas o en Internet, as\u00ed como de da\u00f1os causados por terceras personas mediante intromisiones ilegitimas fuera del control de AN Grup<\/p>\n<p>AN Grup est\u00e1 facultada para suspender temporalmente, y sin previo aviso, la accesibilidad al Web con motivo de operaciones de mantenimiento, reparaci\u00f3n, actualizaci\u00f3n o mejora.<\/p>\n<p><strong>3. Responsabilidad por links<\/strong><\/p>\n<p>Los enlaces o links contenidos en el Web pueden conducir al Usuario a otros Web gestionados por terceros.<\/p>\n<p>AN Grup declina cualquier responsabilidad respecto a la informaci\u00f3n que se halle fuera del Web, ya que la funci\u00f3n de los links que aparecen es \u00fanicamente la de informar al Usuario sobre la existencia de otras fuentes de informaci\u00f3n sobre un tema en concreto.<\/p>\n<p>AN Grup queda exonerada de toda responsabilidad por el correcto funcionamiento de tales enlaces, del resultado obtenido a trav\u00e9s de dichos enlaces, de la veracidad y licitud del contenido o informaci\u00f3n a la que se puede acceder, as\u00ed como de los perjuicios que pueda sufrir el Usuario en virtud de la informaci\u00f3n encontrada en la Web enlazada.<\/p>\n<h2>OBSERVACIONES DEL USUARIO<\/h2>\n<p>El Usuario garantiza que la informaci\u00f3n, material, contenidos u observaciones que no sean sus propios datos personales y que sean facilitados a AN Grup. a trav\u00e9s del Web, no infringen los derechos de propiedad intelectual o industrial de terceros, ni ninguna otra disposici\u00f3n legal.<\/p>\n<p>La informaci\u00f3n, materiales, contenidos u observaciones que el Usuario facilite a AN Grup., se considerar\u00e1n no confidenciales, reserv\u00e1ndose AN Grup. el derecho a usarlas de la forma que considere m\u00e1s adecuada.<\/p>\n<h2>OFERTAS Y PROMOCIONES<\/h2>\n<p><strong>\u201cFree Gift\u201d<\/strong><\/p>\n<ul>\n<li>Regalo de un art\u00edculo de Merchandising con el consumo m\u00ednimo indicado en la promoci\u00f3n correspondiente.<\/li>\n<li>El regalo ser\u00e1 siempre determinado por OASSIS y sujeto a la disponibilidad de stocks.<\/li>\n<li>El premio no es canjeable por su importe en met\u00e1lico.<\/li>\n<\/ul>\n<p>Para todas las ofertas y promociones:<\/p>\n<ul>\n<li>Tienen una duraci\u00f3n limitada, la fecha indicada en el objeto de cada una de las promociones.<\/li>\n<li>Las ofertas y promociones no son acumulables con otras ofertas y promociones.<\/li>\n<li>Las ofertas y promociones son personales, un regalo por persona y visita.<\/li>\n<li>OASSIS se reserva el derecho de no aplicar la promoci\u00f3n si el objeto de \u00e9sta no est\u00e1 en buen estado o presenta dudas sobre su autenticidad.<\/li>\n<\/ul>\n<h2>CONCURSOS Y SORTEOS<\/h2>\n<p>A. La mec\u00e1nica de participaci\u00f3n en los concursos y sorteos realizados por OASSIS en los diferentes canales sociales quedar\u00e1 especificada en la publicaci\u00f3n de cada uno de ellos.<\/p>\n<p>B. El \u00e1mbito territorial para su participaci\u00f3n es Espa\u00f1a.<\/p>\n<p>C. La fecha l\u00edmite de participaci\u00f3n quedar\u00e1 indicada en cada uno de los concursos y\/o sorteos.<\/p>\n<p>D. Los premios quedaran indicados en cada uno de los concursos y\/o sorteos.<\/p>\n<p>E. Si la mec\u00e1nica del sorteo o concurso incluye la aportaci\u00f3n de contenidos por parte de los participantes:<\/p>\n<p>a. OASSIS se reserva el derecho de bloquear aquellos que encuentre procedente.<\/p>\n<p>b. OASSIS se reserva el derecho a poder utilizar estos contenidos con fines comerciales.<\/p>\n<p>c. OASSIS no es responsable de los derechos de autor de esos contenidos y queda eximida de cualquier responsabilidad que pudiera derivarse de su uso por parte del participante que los ha aportado.<\/p>\n<p>F. OASSIS se reserva el derecho de proceder a declarar nulo un concurso o sorteo por las causas que considere procedentes.<\/p>\n<p>G. Todos los sorteos y concursos cumplir\u00e1n con la ley de protecci\u00f3n de datos expuesta en el punto 7.<\/p>\n<p>H. Para asignaci\u00f3n de los ganadores de cualquier sorteo realizado se utilizar\u00e1n herramientas de software seleccionadas v\u00eda random.org<\/p>\n<h2>MODIFICACIONES DE LAS CONDICIONES DE USO<\/h2>\n<p>AN Grup se reserva el derecho a modificar, desarrollar o actualizar en cualquier momento y sin previa notificaci\u00f3n, las condiciones de uso del presente Web. El Usuario quedar\u00e1 obligado autom\u00e1ticamente por las condiciones de uso que se hallen vigentes en el momento en que acceda al Web, por lo que deber\u00e1 leer peri\u00f3dicamente dichas condiciones de uso.<\/p>\n<h2>LEGISLACI\u00d3N APLICABLE Y COMPETENCIA JURISDICCIONAL<\/h2>\n<p>Todas las controversias o reclamaciones surgidas de la interpretaci\u00f3n o ejecuci\u00f3n del presente Aviso Legal se regir\u00e1n por la legislaci\u00f3n espa\u00f1ola, y se someter\u00e1n a la jurisdicci\u00f3n de los Juzgados y Tribunales de Barcelona.<\/p>\n","protected":false},"excerpt":{"rendered":"<p>IDENTIDAD DEL TITULAR DEL WEB La identidad y dem\u00e1s informaci\u00f3n acerca de la compa\u00f1\u00eda titular del Web se establece en el apartado \u201cDatos informativos\u201d accesible en la HomePage del presente Web. En adelante se har\u00e1 referencia a AN Grup. para designar a la compa\u00f1\u00eda titular del Web. ANGR OASSIS, S.L, sociedad espa\u00f1ola, con domicilio social [&hellip;]<\/p>\n","protected":false},"author":1,"featured_media":0,"parent":0,"menu_order":0,"comment_status":"closed","ping_status":"closed","template":"","meta":{"_acf_changed":false,"footnotes":""},"class_list":["post-91","page","type-page","status-publish","hentry"],"acf":[],"yoast_head":"<!-- This site is optimized with the Yoast SEO plugin v27.2 - https:\/\/yoast.com\/product\/yoast-seo-wordpress\/ -->\n<title>Aviso legal | Oassis Natural Cooking Restaurante<\/title>\n<meta name=\"description\" content=\"Aviso Legal. Las presentes Condiciones tienen por objeto regular el uso de este Web que An Grup pone a disposici\u00f3n del p\u00fablico en la presente URL.\" \/>\n<meta name=\"robots\" content=\"noindex, nofollow\" \/>\n<meta property=\"og:locale\" content=\"es_ES\" \/>\n<meta property=\"og:type\" content=\"article\" \/>\n<meta property=\"og:title\" content=\"Aviso legal | Oassis Natural Cooking Restaurante\" \/>\n<meta property=\"og:description\" content=\"Aviso Legal. Las presentes Condiciones tienen por objeto regular el uso de este Web que An Grup pone a disposici\u00f3n del p\u00fablico en la presente URL.\" \/>\n<meta property=\"og:url\" content=\"https:\/\/oassisnaturalcooking.com\/aviso-legal\/\" \/>\n<meta property=\"og:site_name\" content=\"Oassis Natural Cooking Restaurante\" \/>\n<meta property=\"article:publisher\" content=\"https:\/\/www.facebook.com\/pg\/oassisnaturalcooking\/\" \/>\n<meta property=\"article:modified_time\" content=\"2022-06-23T10:08:34+00:00\" \/>\n<meta name=\"twitter:card\" content=\"summary_large_image\" \/>\n<meta name=\"twitter:label1\" content=\"Tiempo de lectura\" \/>\n\t<meta name=\"twitter:data1\" content=\"8 minutos\" \/>\n<script type=\"application\/ld+json\" class=\"yoast-schema-graph\">{\"@context\":\"https:\/\/schema.org\",\"@graph\":[{\"@type\":\"WebPage\",\"@id\":\"https:\/\/oassisnaturalcooking.com\/aviso-legal\/\",\"url\":\"https:\/\/oassisnaturalcooking.com\/aviso-legal\/\",\"name\":\"Aviso legal | Oassis Natural Cooking Restaurante\",\"isPartOf\":{\"@id\":\"https:\/\/oassisnaturalcooking.com\/#website\"},\"datePublished\":\"2018-11-12T11:40:07+00:00\",\"dateModified\":\"2022-06-23T10:08:34+00:00\",\"description\":\"Aviso Legal. Las presentes Condiciones tienen por objeto regular el uso de este Web que An Grup pone a disposici\u00f3n del p\u00fablico en la presente URL.\",\"inLanguage\":\"es\",\"potentialAction\":[{\"@type\":\"ReadAction\",\"target\":[\"https:\/\/oassisnaturalcooking.com\/aviso-legal\/\"]}]},{\"@type\":\"WebSite\",\"@id\":\"https:\/\/oassisnaturalcooking.com\/#website\",\"url\":\"https:\/\/oassisnaturalcooking.com\/\",\"name\":\"Oassis Natural Cooking Restaurante\",\"description\":\"Desconecta, escucha buena m\u00fasica, rel\u00e1jate y tomate algo en el centro de Barcelona, vente a OASSIS. Descubre Oassis Natural Cooking!\",\"publisher\":{\"@id\":\"https:\/\/oassisnaturalcooking.com\/#organization\"},\"potentialAction\":[{\"@type\":\"SearchAction\",\"target\":{\"@type\":\"EntryPoint\",\"urlTemplate\":\"https:\/\/oassisnaturalcooking.com\/?s={search_term_string}\"},\"query-input\":{\"@type\":\"PropertyValueSpecification\",\"valueRequired\":true,\"valueName\":\"search_term_string\"}}],\"inLanguage\":\"es\"},{\"@type\":\"Organization\",\"@id\":\"https:\/\/oassisnaturalcooking.com\/#organization\",\"name\":\"Oassis Natural Cooking\",\"url\":\"https:\/\/oassisnaturalcooking.com\/\",\"logo\":{\"@type\":\"ImageObject\",\"inLanguage\":\"es\",\"@id\":\"https:\/\/oassisnaturalcooking.com\/#\/schema\/logo\/image\/\",\"url\":\"https:\/\/oassisnaturalcooking.com\/custom\/uploads\/2022\/06\/oassis_natural_cooking.png\",\"contentUrl\":\"https:\/\/oassisnaturalcooking.com\/custom\/uploads\/2022\/06\/oassis_natural_cooking.png\",\"width\":300,\"height\":86,\"caption\":\"Oassis Natural Cooking\"},\"image\":{\"@id\":\"https:\/\/oassisnaturalcooking.com\/#\/schema\/logo\/image\/\"},\"sameAs\":[\"https:\/\/www.facebook.com\/pg\/oassisnaturalcooking\/\",\"https:\/\/www.instagram.com\/oassisnaturalcooking\/\"]}]}<\/script>\n<!-- \/ Yoast SEO plugin. -->","yoast_head_json":{"title":"Aviso legal | Oassis Natural Cooking Restaurante","description":"Aviso Legal. Las presentes Condiciones tienen por objeto regular el uso de este Web que An Grup pone a disposici\u00f3n del p\u00fablico en la presente URL.","robots":{"index":"noindex","follow":"nofollow"},"og_locale":"es_ES","og_type":"article","og_title":"Aviso legal | Oassis Natural Cooking Restaurante","og_description":"Aviso Legal. Las presentes Condiciones tienen por objeto regular el uso de este Web que An Grup pone a disposici\u00f3n del p\u00fablico en la presente URL.","og_url":"https:\/\/oassisnaturalcooking.com\/aviso-legal\/","og_site_name":"Oassis Natural Cooking Restaurante","article_publisher":"https:\/\/www.facebook.com\/pg\/oassisnaturalcooking\/","article_modified_time":"2022-06-23T10:08:34+00:00","twitter_card":"summary_large_image","twitter_misc":{"Tiempo de lectura":"8 minutos"},"schema":{"@context":"https:\/\/schema.org","@graph":[{"@type":"WebPage","@id":"https:\/\/oassisnaturalcooking.com\/aviso-legal\/","url":"https:\/\/oassisnaturalcooking.com\/aviso-legal\/","name":"Aviso legal | Oassis Natural Cooking Restaurante","isPartOf":{"@id":"https:\/\/oassisnaturalcooking.com\/#website"},"datePublished":"2018-11-12T11:40:07+00:00","dateModified":"2022-06-23T10:08:34+00:00","description":"Aviso Legal. Las presentes Condiciones tienen por objeto regular el uso de este Web que An Grup pone a disposici\u00f3n del p\u00fablico en la presente URL.","inLanguage":"es","potentialAction":[{"@type":"ReadAction","target":["https:\/\/oassisnaturalcooking.com\/aviso-legal\/"]}]},{"@type":"WebSite","@id":"https:\/\/oassisnaturalcooking.com\/#website","url":"https:\/\/oassisnaturalcooking.com\/","name":"Oassis Natural Cooking Restaurante","description":"Desconecta, escucha buena m\u00fasica, rel\u00e1jate y tomate algo en el centro de Barcelona, vente a OASSIS. Descubre Oassis Natural Cooking!","publisher":{"@id":"https:\/\/oassisnaturalcooking.com\/#organization"},"potentialAction":[{"@type":"SearchAction","target":{"@type":"EntryPoint","urlTemplate":"https:\/\/oassisnaturalcooking.com\/?s={search_term_string}"},"query-input":{"@type":"PropertyValueSpecification","valueRequired":true,"valueName":"search_term_string"}}],"inLanguage":"es"},{"@type":"Organization","@id":"https:\/\/oassisnaturalcooking.com\/#organization","name":"Oassis Natural Cooking","url":"https:\/\/oassisnaturalcooking.com\/","logo":{"@type":"ImageObject","inLanguage":"es","@id":"https:\/\/oassisnaturalcooking.com\/#\/schema\/logo\/image\/","url":"https:\/\/oassisnaturalcooking.com\/custom\/uploads\/2022\/06\/oassis_natural_cooking.png","contentUrl":"https:\/\/oassisnaturalcooking.com\/custom\/uploads\/2022\/06\/oassis_natural_cooking.png","width":300,"height":86,"caption":"Oassis Natural Cooking"},"image":{"@id":"https:\/\/oassisnaturalcooking.com\/#\/schema\/logo\/image\/"},"sameAs":["https:\/\/www.facebook.com\/pg\/oassisnaturalcooking\/","https:\/\/www.instagram.com\/oassisnaturalcooking\/"]}]}},"_links":{"self":[{"href":"https:\/\/oassisnaturalcooking.com\/es\/wp-json\/wp\/v2\/pages\/91","targetHints":{"allow":["GET"]}}],"collection":[{"href":"https:\/\/oassisnaturalcooking.com\/es\/wp-json\/wp\/v2\/pages"}],"about":[{"href":"https:\/\/oassisnaturalcooking.com\/es\/wp-json\/wp\/v2\/types\/page"}],"author":[{"embeddable":true,"href":"https:\/\/oassisnaturalcooking.com\/es\/wp-json\/wp\/v2\/users\/1"}],"replies":[{"embeddable":true,"href":"https:\/\/oassisnaturalcooking.com\/es\/wp-json\/wp\/v2\/comments?post=91"}],"version-history":[{"count":2,"href":"https:\/\/oassisnaturalcooking.com\/es\/wp-json\/wp\/v2\/pages\/91\/revisions"}],"predecessor-version":[{"id":1970,"href":"https:\/\/oassisnaturalcooking.com\/es\/wp-json\/wp\/v2\/pages\/91\/revisions\/1970"}],"wp:attachment":[{"href":"https:\/\/oassisnaturalcooking.com\/es\/wp-json\/wp\/v2\/media?parent=91"}],"curies":[{"name":"wp","href":"https:\/\/api.w.org\/{rel}","templated":true}]}}